{"id":46,"date":"2025-12-09T18:23:02","date_gmt":"2025-12-09T18:23:02","guid":{"rendered":"https:\/\/proprietes.fr\/?page_id=46"},"modified":"2026-01-06T16:03:17","modified_gmt":"2026-01-06T16:03:17","slug":"investment","status":"publish","type":"page","link":"https:\/\/proprietes.fr\/fr\/investment\/","title":{"rendered":"Investissement"},"content":{"rendered":"<div data-elementor-type=\"wp-page\" data-elementor-id=\"46\" class=\"elementor elementor-46\" data-elementor-post-type=\"page\">\n\t\t\t\t<div class=\"elementor-element elementor-element-d488bec e-flex e-con-boxed e-con e-parent\" data-id=\"d488bec\" data-element_type=\"container\" data-settings=\"{&quot;background_background&quot;:&quot;classic&quot;}\">\n\t\t\t\t\t<div class=\"e-con-inner\">\n\t\t\t\t<div class=\"elementor-element elementor-element-ca6a472 elementor-widget__width-initial animated-fast elementor-invisible elementor-widget elementor-widget-heading\" data-id=\"ca6a472\" data-element_type=\"widget\" data-settings=\"{&quot;_animation&quot;:&quot;fadeInUp&quot;,&quot;_animation_delay&quot;:300}\" data-widget_type=\"heading.default\">\n\t\t\t\t\t<h2 class=\"elementor-heading-title elementor-size-default\">Cr\u00e9ation de valeur \u00e0 long terme<\/h2>\t\t\t\t<\/div>\n\t\t\t\t\t<\/div>\n\t\t\t\t<\/div>\n\t\t<div class=\"elementor-element elementor-element-94d63cf e-flex e-con-boxed e-con e-parent\" data-id=\"94d63cf\" data-element_type=\"container\" data-settings=\"{&quot;background_background&quot;:&quot;classic&quot;}\">\n\t\t\t\t\t<div class=\"e-con-inner\">\n\t\t\t\t<div class=\"elementor-element elementor-element-f4bd49f elementor-widget-divider--view-line elementor-widget elementor-widget-divider\" data-id=\"f4bd49f\" data-element_type=\"widget\" data-widget_type=\"divider.default\">\n\t\t\t\t\t\t\t<div class=\"elementor-divider\">\n\t\t\t<span class=\"elementor-divider-separator\">\n\t\t\t\t\t\t<\/span>\n\t\t<\/div>\n\t\t\t\t\t\t<\/div>\n\t\t\t\t<div class=\"elementor-element elementor-element-12be9ae elementor-widget elementor-widget-heading\" data-id=\"12be9ae\" data-element_type=\"widget\" data-widget_type=\"heading.default\">\n\t\t\t\t\t<h2 class=\"elementor-heading-title elementor-size-default\">Nos strat\u00e9gies d\u2019investissement associent le d\u00e9veloppement de branded residences \u00e0 la d\u00e9tention et \u00e0 l\u2019exploitation \u00e0 long terme d\u2019actifs h\u00f4teliers.<\/h2>\t\t\t\t<\/div>\n\t\t\t\t<div class=\"elementor-element elementor-element-5920d97 elementor-hidden-tablet elementor-hidden-mobile elementor-widget elementor-widget-text-editor\" data-id=\"5920d97\" data-element_type=\"widget\" data-widget_type=\"text-editor.default\">\n\t\t\t\t\t\t\t\t\t<p>Chaque projet est structur\u00e9 pour pr\u00e9server et renforcer la valeur de l\u2019actif dans le temps, en s\u2019appuyant sur une structuration financi\u00e8re ma\u00eetris\u00e9e, une gouvernance claire et une approche responsable int\u00e9gr\u00e9e \u00e0 chaque \u00e9tape du projet.<\/p><p>\u00a0<\/p><p>Propri\u00e9t\u00e9s &amp; Co a d\u00e9velopp\u00e9 un track-record d\u2019environ 500 millions d\u2019euros de valeur de projets et dispose aujourd\u2019hui d\u2019un pipeline de d\u00e9veloppement d\u2019environ 1,5 milliard d\u2019euros, principalement dans le Sud de la France et dans les Cara\u00efbes.<\/p>\t\t\t\t\t\t\t\t<\/div>\n\t\t\t\t\t<\/div>\n\t\t\t\t<\/div>\n\t\t<div class=\"elementor-element elementor-element-a9b0a43 e-flex e-con-boxed e-con e-parent\" data-id=\"a9b0a43\" data-element_type=\"container\">\n\t\t\t\t\t<div class=\"e-con-inner\">\n\t\t<div class=\"elementor-element elementor-element-15b966a e-con-full e-flex e-con e-child\" data-id=\"15b966a\" data-element_type=\"container\">\n\t\t\t\t<div class=\"elementor-element elementor-element-4957d1e elementor-widget elementor-widget-heading\" data-id=\"4957d1e\" data-element_type=\"widget\" data-widget_type=\"heading.default\">\n\t\t\t\t\t<h2 class=\"elementor-heading-title elementor-size-default\">Strat\u00e9gies d'investissement<\/h2>\t\t\t\t<\/div>\n\t\t\t\t<\/div>\n\t\t<div class=\"elementor-element elementor-element-085e8ea e-con-full e-flex e-con e-child\" data-id=\"085e8ea\" data-element_type=\"container\">\n\t\t<div class=\"elementor-element elementor-element-9f3f05b e-con-full e-flex e-con e-child\" data-id=\"9f3f05b\" data-element_type=\"container\">\n\t\t\t\t<div class=\"elementor-element elementor-element-34c2ed4 elementor-widget elementor-widget-heading\" data-id=\"34c2ed4\" data-element_type=\"widget\" data-widget_type=\"heading.default\">\n\t\t\t\t\t<h2 class=\"elementor-heading-title elementor-size-default\">01.<\/h2>\t\t\t\t<\/div>\n\t\t\t\t<div class=\"elementor-element elementor-element-3d47352 elementor-widget elementor-widget-heading\" data-id=\"3d47352\" data-element_type=\"widget\" data-widget_type=\"heading.default\">\n\t\t\t\t\t<h2 class=\"elementor-heading-title elementor-size-default\"><i>D\u00e9veloppement de projets<\/i><\/h2>\t\t\t\t<\/div>\n\t\t\t\t<div class=\"elementor-element elementor-element-0964360 elementor-widget elementor-widget-text-editor\" data-id=\"0964360\" data-element_type=\"widget\" data-widget_type=\"text-editor.default\">\n\t\t\t\t\t\t\t\t\t<p>Nous d\u00e9veloppons des resorts associant h\u00f4tels et branded residences, depuis l\u2019acquisition du foncier jusqu\u2019\u00e0 la livraison, dans des destinations c\u00f4ti\u00e8res soigneusement s\u00e9lectionn\u00e9es et op\u00e9r\u00e9es par des marques h\u00f4teli\u00e8res de r\u00e9f\u00e9rence.<\/p>\t\t\t\t\t\t\t\t<\/div>\n\t\t\t\t<\/div>\n\t\t<div class=\"elementor-element elementor-element-661b32a e-con-full e-flex e-con e-child\" data-id=\"661b32a\" data-element_type=\"container\" data-settings=\"{&quot;background_background&quot;:&quot;classic&quot;}\">\n\t\t\t\t<\/div>\n\t\t<div class=\"elementor-element elementor-element-2fd9948 e-con-full e-flex e-con e-child\" data-id=\"2fd9948\" data-element_type=\"container\">\n\t\t\t\t<div class=\"elementor-element elementor-element-9ba94fa elementor-widget elementor-widget-heading\" data-id=\"9ba94fa\" data-element_type=\"widget\" data-widget_type=\"heading.default\">\n\t\t\t\t\t<h2 class=\"elementor-heading-title elementor-size-default\">02.<\/h2>\t\t\t\t<\/div>\n\t\t\t\t<div class=\"elementor-element elementor-element-c1788ce elementor-widget elementor-widget-heading\" data-id=\"c1788ce\" data-element_type=\"widget\" data-widget_type=\"heading.default\">\n\t\t\t\t\t<h2 class=\"elementor-heading-title elementor-size-default\"><i>Repositionnement d\u2019actifs<\/i><\/h2>\t\t\t\t<\/div>\n\t\t\t\t<div class=\"elementor-element elementor-element-0fac7aa elementor-widget elementor-widget-text-editor\" data-id=\"0fac7aa\" data-element_type=\"widget\" data-widget_type=\"text-editor.default\">\n\t\t\t\t\t\t\t\t\t<p>Nous transformons des actifs existants \u2014 patrimoniaux ou en front de mer \u2014 en projets de branded residences, en repensant le programme, le design et l\u2019offre de services afin d\u2019am\u00e9liorer l\u2019attractivit\u00e9, la coh\u00e9rence du produit et la performance commerciale.<\/p>\t\t\t\t\t\t\t\t<\/div>\n\t\t\t\t<\/div>\n\t\t<div class=\"elementor-element elementor-element-6f128d4 e-con-full e-flex e-con e-child\" data-id=\"6f128d4\" data-element_type=\"container\" data-settings=\"{&quot;background_background&quot;:&quot;classic&quot;}\">\n\t\t\t\t<\/div>\n\t\t<div class=\"elementor-element elementor-element-b34a35a e-con-full e-flex e-con e-child\" data-id=\"b34a35a\" data-element_type=\"container\">\n\t\t\t\t<div class=\"elementor-element elementor-element-5fb2870 elementor-widget elementor-widget-heading\" data-id=\"5fb2870\" data-element_type=\"widget\" data-widget_type=\"heading.default\">\n\t\t\t\t\t<h2 class=\"elementor-heading-title elementor-size-default\">03.<\/h2>\t\t\t\t<\/div>\n\t\t\t\t<div class=\"elementor-element elementor-element-7bb4852 elementor-widget elementor-widget-heading\" data-id=\"7bb4852\" data-element_type=\"widget\" data-widget_type=\"heading.default\">\n\t\t\t\t\t<h2 class=\"elementor-heading-title elementor-size-default\"><i>Situations sp\u00e9ciales<\/i><\/h2>\t\t\t\t<\/div>\n\t\t\t\t<div class=\"elementor-element elementor-element-910a395 elementor-widget elementor-widget-text-editor\" data-id=\"910a395\" data-element_type=\"widget\" data-widget_type=\"text-editor.default\">\n\t\t\t\t\t\t\t\t\t<p class=\"p1\">Nous intervenons sur des projets en situation de distress ou de blocage r\u00e9glementaire, en apportant une capacit\u00e9 d\u2019ex\u00e9cution sur les sujets de foncier, de permis et de structuration.<\/p>\t\t\t\t\t\t\t\t<\/div>\n\t\t\t\t<\/div>\n\t\t\t\t<\/div>\n\t\t\t\t\t<\/div>\n\t\t\t\t<\/div>\n\t\t<div class=\"elementor-element elementor-element-8eacab7 e-con-full e-flex e-con e-parent\" data-id=\"8eacab7\" data-element_type=\"container\">\n\t\t\t\t<div class=\"elementor-element elementor-element-3c057c2 elementor-widget__width-inherit elementor-widget elementor-widget-image\" data-id=\"3c057c2\" data-element_type=\"widget\" data-widget_type=\"image.default\">\n\t\t\t\t\t\t\t\t\t\t\t\t\t\t\t<img fetchpriority=\"high\" decoding=\"async\" width=\"1600\" height=\"600\" src=\"https:\/\/proprietes.fr\/wp-content\/uploads\/2025\/12\/1-22-scaled-e1766762520885.jpg\" class=\"attachment-full size-full wp-image-1942\" alt=\"\" srcset=\"https:\/\/proprietes.fr\/wp-content\/uploads\/2025\/12\/1-22-scaled-e1766762520885.jpg 1600w, https:\/\/proprietes.fr\/wp-content\/uploads\/2025\/12\/1-22-scaled-e1766762520885-300x113.jpg 300w, https:\/\/proprietes.fr\/wp-content\/uploads\/2025\/12\/1-22-scaled-e1766762520885-1024x384.jpg 1024w, https:\/\/proprietes.fr\/wp-content\/uploads\/2025\/12\/1-22-scaled-e1766762520885-768x288.jpg 768w, https:\/\/proprietes.fr\/wp-content\/uploads\/2025\/12\/1-22-scaled-e1766762520885-1536x576.jpg 1536w, https:\/\/proprietes.fr\/wp-content\/uploads\/2025\/12\/1-22-scaled-e1766762520885-18x7.jpg 18w\" sizes=\"(max-width: 1600px) 100vw, 1600px\" \/>\t\t\t\t\t\t\t\t\t\t\t\t\t\t\t<\/div>\n\t\t\t\t<\/div>\n\t\t<div class=\"elementor-element elementor-element-b373bc1 e-flex e-con-boxed e-con e-parent\" data-id=\"b373bc1\" data-element_type=\"container\">\n\t\t\t\t\t<div class=\"e-con-inner\">\n\t\t\t\t<div class=\"elementor-element elementor-element-cfefb50 elementor-widget elementor-widget-heading\" data-id=\"cfefb50\" data-element_type=\"widget\" data-widget_type=\"heading.default\">\n\t\t\t\t\t<h2 class=\"elementor-heading-title elementor-size-default\">Notre mod\u00e8le\u00a0<\/h2>\t\t\t\t<\/div>\n\t\t<div class=\"elementor-element elementor-element-be4f9d8 e-con-full e-flex e-con e-child\" data-id=\"be4f9d8\" data-element_type=\"container\">\n\t\t<div class=\"elementor-element elementor-element-3217de8 e-con-full e-flex e-con e-child\" data-id=\"3217de8\" data-element_type=\"container\">\n\t\t\t\t<div class=\"elementor-element elementor-element-b0b1927 elementor-widget__width-inherit  img__all elementor-widget elementor-widget-image\" data-id=\"b0b1927\" data-element_type=\"widget\" data-widget_type=\"image.default\">\n\t\t\t\t\t\t\t\t\t\t\t\t\t\t\t<img decoding=\"async\" width=\"690\" height=\"376\" src=\"https:\/\/proprietes.fr\/wp-content\/uploads\/2025\/12\/18.jpg\" class=\"attachment-full size-full wp-image-218\" alt=\"\" srcset=\"https:\/\/proprietes.fr\/wp-content\/uploads\/2025\/12\/18.jpg 690w, https:\/\/proprietes.fr\/wp-content\/uploads\/2025\/12\/18-300x163.jpg 300w\" sizes=\"(max-width: 690px) 100vw, 690px\" \/>\t\t\t\t\t\t\t\t\t\t\t\t\t\t\t<\/div>\n\t\t\t\t<\/div>\n\t\t<div class=\"elementor-element elementor-element-86c2460 e-con-full e-flex e-con e-child\" data-id=\"86c2460\" data-element_type=\"container\">\n\t\t\t\t<div class=\"elementor-element elementor-element-a2ab812 elementor-widget elementor-widget-heading\" data-id=\"a2ab812\" data-element_type=\"widget\" data-widget_type=\"heading.default\">\n\t\t\t\t\t<h2 class=\"elementor-heading-title elementor-size-default\">Branded Residences<\/h2>\t\t\t\t<\/div>\n\t\t\t\t<div class=\"elementor-element elementor-element-ebb12f9 elementor-widget elementor-widget-text-editor\" data-id=\"ebb12f9\" data-element_type=\"widget\" data-widget_type=\"text-editor.default\">\n\t\t\t\t\t\t\t\t\t<p class=\"p1\">Edifi\u00e9es aux c\u00f4t\u00e9s d\u2019un h\u00f4tel et d\u00e9velopp\u00e9es en VEFA, les branded residences offrent des r\u00e9sidences \u00e0 l\u2019architecture soign\u00e9e, des \u00e9quipements haut de gamme et l\u2019acc\u00e8s \u00e0 des services h\u00f4teliers op\u00e9r\u00e9s par des marques internationales, pour une client\u00e8le internationale en qu\u00eate d\u2019un art de vivre d\u2019exception.<\/p>\t\t\t\t\t\t\t\t<\/div>\n\t\t\t\t<\/div>\n\t\t\t\t<\/div>\n\t\t<div class=\"elementor-element elementor-element-f40b1b7 e-con-full e-flex e-con e-child\" data-id=\"f40b1b7\" data-element_type=\"container\">\n\t\t<div class=\"elementor-element elementor-element-77edf2d e-con-full e-flex e-con e-child\" data-id=\"77edf2d\" data-element_type=\"container\">\n\t\t\t\t<div class=\"elementor-element elementor-element-5fd4dfb elementor-widget__width-inherit img__all img__200-r elementor-widget elementor-widget-image\" data-id=\"5fd4dfb\" data-element_type=\"widget\" data-widget_type=\"image.default\">\n\t\t\t\t\t\t\t\t\t\t\t\t\t\t\t<img decoding=\"async\" width=\"864\" height=\"400\" src=\"https:\/\/proprietes.fr\/wp-content\/uploads\/2025\/12\/19.jpg\" class=\"attachment-full size-full wp-image-219\" alt=\"\" srcset=\"https:\/\/proprietes.fr\/wp-content\/uploads\/2025\/12\/19.jpg 864w, https:\/\/proprietes.fr\/wp-content\/uploads\/2025\/12\/19-300x139.jpg 300w, https:\/\/proprietes.fr\/wp-content\/uploads\/2025\/12\/19-768x356.jpg 768w\" sizes=\"(max-width: 864px) 100vw, 864px\" \/>\t\t\t\t\t\t\t\t\t\t\t\t\t\t\t<\/div>\n\t\t\t\t<\/div>\n\t\t<div class=\"elementor-element elementor-element-0283c45 e-con-full e-flex e-con e-child\" data-id=\"0283c45\" data-element_type=\"container\">\n\t\t\t\t<div class=\"elementor-element elementor-element-1b35168 elementor-widget elementor-widget-heading\" data-id=\"1b35168\" data-element_type=\"widget\" data-widget_type=\"heading.default\">\n\t\t\t\t\t<h2 class=\"elementor-heading-title elementor-size-default\">H\u00f4tels<\/h2>\t\t\t\t<\/div>\n\t\t\t\t<div class=\"elementor-element elementor-element-8f10232 elementor-widget elementor-widget-text-editor\" data-id=\"8f10232\" data-element_type=\"widget\" data-widget_type=\"text-editor.default\">\n\t\t\t\t\t\t\t\t\t<p class=\"p1\"><span class=\"s1\">D\u00e9velopp\u00e9s<\/span>dans une logique de d\u00e9tention \u00e0 long terme et exploit\u00e9s par des marques h\u00f4teli\u00e8res internationales, nos h\u00f4tels privil\u00e9gient l\u2019excellence op\u00e9rationnelle afin d\u2019offrir une exp\u00e9rience client de haut niveau et de soutenir la performance des actifs dans la dur\u00e9e.<\/p>\t\t\t\t\t\t\t\t<\/div>\n\t\t\t\t<\/div>\n\t\t\t\t<\/div>\n\t\t<div class=\"elementor-element elementor-element-011f812 e-con-full e-flex e-con e-child\" data-id=\"011f812\" data-element_type=\"container\">\n\t\t<div class=\"elementor-element elementor-element-c4ae169 e-con-full e-flex e-con e-child\" data-id=\"c4ae169\" data-element_type=\"container\">\n\t\t\t\t<div class=\"elementor-element elementor-element-4cd46f1 elementor-widget__width-inherit  img__all elementor-widget elementor-widget-image\" data-id=\"4cd46f1\" data-element_type=\"widget\" data-widget_type=\"image.default\">\n\t\t\t\t\t\t\t\t\t\t\t\t\t\t\t<img loading=\"lazy\" decoding=\"async\" width=\"676\" height=\"400\" src=\"https:\/\/proprietes.fr\/wp-content\/uploads\/2025\/12\/20.jpg\" class=\"attachment-full size-full wp-image-220\" alt=\"\" srcset=\"https:\/\/proprietes.fr\/wp-content\/uploads\/2025\/12\/20.jpg 676w, https:\/\/proprietes.fr\/wp-content\/uploads\/2025\/12\/20-300x178.jpg 300w\" sizes=\"(max-width: 676px) 100vw, 676px\" \/>\t\t\t\t\t\t\t\t\t\t\t\t\t\t\t<\/div>\n\t\t\t\t<\/div>\n\t\t<div class=\"elementor-element elementor-element-7115f3f e-con-full e-flex e-con e-child\" data-id=\"7115f3f\" data-element_type=\"container\">\n\t\t\t\t<div class=\"elementor-element elementor-element-91172f5 elementor-widget elementor-widget-heading\" data-id=\"91172f5\" data-element_type=\"widget\" data-widget_type=\"heading.default\">\n\t\t\t\t\t<h2 class=\"elementor-heading-title elementor-size-default\">Actifs int\u00e9gr\u00e9s<\/h2>\t\t\t\t<\/div>\n\t\t\t\t<div class=\"elementor-element elementor-element-11a109e elementor-widget elementor-widget-text-editor\" data-id=\"11a109e\" data-element_type=\"widget\" data-widget_type=\"text-editor.default\">\n\t\t\t\t\t\t\t\t\t<p>Les branded residences et l\u2019h\u00f4tel attenant fonctionnent comme un ensemble coh\u00e9rent, partageant infrastructures, services et standards de qualit\u00e9.\n\n\n\u2028Les propri\u00e9taires peuvent, s\u2019ils le souhaitent, acc\u00e9der \u00e0 un programme de location g\u00e9r\u00e9 par l\u2019h\u00f4tel, leur permettant de profiter pleinement de leur r\u00e9sidence tout en b\u00e9n\u00e9ficiant d\u2019une gestion et maintenance professionnelle, tout en pr\u00e9servant l\u2019harmonie et la qualit\u00e9 du resort dans la dur\u00e9e.<\/p>\t\t\t\t\t\t\t\t<\/div>\n\t\t\t\t<\/div>\n\t\t\t\t<\/div>\n\t\t\t\t\t<\/div>\n\t\t\t\t<\/div>\n\t\t<div class=\"elementor-element elementor-element-1653d38 e-flex e-con-boxed e-con e-parent\" data-id=\"1653d38\" data-element_type=\"container\" data-settings=\"{&quot;background_background&quot;:&quot;classic&quot;}\">\n\t\t\t\t\t<div class=\"e-con-inner\">\n\t\t\t\t<div class=\"elementor-element elementor-element-113ff6c elementor-widget elementor-widget-heading\" data-id=\"113ff6c\" data-element_type=\"widget\" data-widget_type=\"heading.default\">\n\t\t\t\t\t<h2 class=\"elementor-heading-title elementor-size-default\">ESG et d\u00e9veloppement durable\u00a0<\/h2>\t\t\t\t<\/div>\n\t\t<div class=\"elementor-element elementor-element-abdd17e e-con-full e-flex e-con e-child\" data-id=\"abdd17e\" data-element_type=\"container\">\n\t\t<div class=\"elementor-element elementor-element-7010a6f e-con-full e-flex e-con e-child\" data-id=\"7010a6f\" data-element_type=\"container\">\n\t\t\t\t<div class=\"elementor-element elementor-element-f623412 elementor-widget elementor-widget-heading\" data-id=\"f623412\" data-element_type=\"widget\" data-widget_type=\"heading.default\">\n\t\t\t\t\t<h2 class=\"elementor-heading-title elementor-size-default\">01<\/h2>\t\t\t\t<\/div>\n\t\t\t\t<\/div>\n\t\t<div class=\"elementor-element elementor-element-5161e00 e-con-full e-flex e-con e-child\" data-id=\"5161e00\" data-element_type=\"container\">\n\t\t\t\t<div class=\"elementor-element elementor-element-f8a20b6 elementor-widget__width-initial elementor-widget elementor-widget-heading\" data-id=\"f8a20b6\" data-element_type=\"widget\" data-widget_type=\"heading.default\">\n\t\t\t\t\t<h2 class=\"elementor-heading-title elementor-size-default\">D\u00e9veloppement int\u00e9gr\u00e9 et responsable<\/h2>\t\t\t\t<\/div>\n\t\t\t\t<\/div>\n\t\t<div class=\"elementor-element elementor-element-dcb133a e-con-full e-flex e-con e-child\" data-id=\"dcb133a\" data-element_type=\"container\">\n\t\t\t\t<div class=\"elementor-element elementor-element-ce66c79 elementor-widget elementor-widget-text-editor\" data-id=\"ce66c79\" data-element_type=\"widget\" data-widget_type=\"text-editor.default\">\n\t\t\t\t\t\t\t\t\t<p>Nous concevons des resorts qui s\u2019int\u00e8grent naturellement dans leur environnement \u2014 sur les plans paysager, social et \u00e9conomique. Chaque projet est pens\u00e9 comme un ensemble \u00e9quilibr\u00e9, respectueux des lieux, des ressources et des usages, tout en s\u2019inscrivant durablement dans son territoire.<\/p>\t\t\t\t\t\t\t\t<\/div>\n\t\t\t\t<\/div>\n\t\t\t\t<\/div>\n\t\t<div class=\"elementor-element elementor-element-b581f65 e-con-full e-flex e-con e-child\" data-id=\"b581f65\" data-element_type=\"container\">\n\t\t<div class=\"elementor-element elementor-element-8363700 e-con-full e-flex e-con e-child\" data-id=\"8363700\" data-element_type=\"container\">\n\t\t\t\t<div class=\"elementor-element elementor-element-f118278 elementor-widget elementor-widget-heading\" data-id=\"f118278\" data-element_type=\"widget\" data-widget_type=\"heading.default\">\n\t\t\t\t\t<h2 class=\"elementor-heading-title elementor-size-default\">02<\/h2>\t\t\t\t<\/div>\n\t\t\t\t<\/div>\n\t\t<div class=\"elementor-element elementor-element-053088e e-con-full e-flex e-con e-child\" data-id=\"053088e\" data-element_type=\"container\">\n\t\t\t\t<div class=\"elementor-element elementor-element-3f01459 elementor-widget__width-inherit elementor-widget elementor-widget-heading\" data-id=\"3f01459\" data-element_type=\"widget\" data-widget_type=\"heading.default\">\n\t\t\t\t\t<h2 class=\"elementor-heading-title elementor-size-default\">Patrimoine, innovation et performance environnementale<\/h2>\t\t\t\t<\/div>\n\t\t\t\t<\/div>\n\t\t<div class=\"elementor-element elementor-element-e97a55a e-con-full e-flex e-con e-child\" data-id=\"e97a55a\" data-element_type=\"container\">\n\t\t\t\t<div class=\"elementor-element elementor-element-66d3696 elementor-widget elementor-widget-text-editor\" data-id=\"66d3696\" data-element_type=\"widget\" data-widget_type=\"text-editor.default\">\n\t\t\t\t\t\t\t\t\t<p>De la restauration de sites patrimoniaux \u00e0 la cr\u00e9ation de resorts contemporains, nous associons architecture exigeante, design soign\u00e9 et solutions techniques adapt\u00e9es, afin d\u2019am\u00e9liorer les performances environnementales sans compromettre la qualit\u00e9 ni l\u2019exp\u00e9rience.<\/p>\t\t\t\t\t\t\t\t<\/div>\n\t\t\t\t<\/div>\n\t\t\t\t<\/div>\n\t\t<div class=\"elementor-element elementor-element-6690c41 e-con-full e-flex e-con e-child\" data-id=\"6690c41\" data-element_type=\"container\">\n\t\t<div class=\"elementor-element elementor-element-71e9c83 e-con-full e-flex e-con e-child\" data-id=\"71e9c83\" data-element_type=\"container\">\n\t\t\t\t<div class=\"elementor-element elementor-element-3235fc4 elementor-widget elementor-widget-heading\" data-id=\"3235fc4\" data-element_type=\"widget\" data-widget_type=\"heading.default\">\n\t\t\t\t\t<h2 class=\"elementor-heading-title elementor-size-default\">03<\/h2>\t\t\t\t<\/div>\n\t\t\t\t<\/div>\n\t\t<div class=\"elementor-element elementor-element-4bf2cc1 e-con-full e-flex e-con e-child\" data-id=\"4bf2cc1\" data-element_type=\"container\">\n\t\t\t\t<div class=\"elementor-element elementor-element-b9089d8 elementor-widget__width-initial elementor-widget elementor-widget-heading\" data-id=\"b9089d8\" data-element_type=\"widget\" data-widget_type=\"heading.default\">\n\t\t\t\t\t<h2 class=\"elementor-heading-title elementor-size-default\">La r\u00e9g\u00e9n\u00e9ration par l'action<\/h2>\t\t\t\t<\/div>\n\t\t\t\t<\/div>\n\t\t<div class=\"elementor-element elementor-element-4de8437 e-con-full e-flex e-con e-child\" data-id=\"4de8437\" data-element_type=\"container\">\n\t\t\t\t<div class=\"elementor-element elementor-element-5476b14 elementor-widget elementor-widget-text-editor\" data-id=\"5476b14\" data-element_type=\"widget\" data-widget_type=\"text-editor.default\">\n\t\t\t\t\t\t\t\t\t<p>Au-del\u00e0 de l\u2019immobilier, nous soutenons des initiatives concr\u00e8tes en faveur de l\u2019agriculture r\u00e9g\u00e9n\u00e9ratrice, de la biodiversit\u00e9 et de la sensibilisation environnementale, notamment \u00e0 travers le fonds de dotation My Planet My Oasis et des actions men\u00e9es autour de nos projets. <em>My Planet My Oasis<\/em>, which promotes regenerative agriculture and environmental education. Initiatives near flagship projects such as <em>Port Marseillan<\/em> et <em>Happy Bay<\/em> foster biodiversity, resilient food systems, and climate awareness.<\/p>\t\t\t\t\t\t\t\t<\/div>\n\t\t\t\t<\/div>\n\t\t\t\t<\/div>\n\t\t<div class=\"elementor-element elementor-element-e54ae6a e-con-full e-flex e-con e-child\" data-id=\"e54ae6a\" data-element_type=\"container\">\n\t\t<div class=\"elementor-element elementor-element-0d3a881 e-con-full e-flex e-con e-child\" data-id=\"0d3a881\" data-element_type=\"container\">\n\t\t\t\t<div class=\"elementor-element elementor-element-f341483 elementor-widget elementor-widget-heading\" data-id=\"f341483\" data-element_type=\"widget\" data-widget_type=\"heading.default\">\n\t\t\t\t\t<h2 class=\"elementor-heading-title elementor-size-default\">04<\/h2>\t\t\t\t<\/div>\n\t\t\t\t<\/div>\n\t\t<div class=\"elementor-element elementor-element-ae728ea e-con-full e-flex e-con e-child\" data-id=\"ae728ea\" data-element_type=\"container\">\n\t\t\t\t<div class=\"elementor-element elementor-element-b8d993c elementor-widget__width-initial elementor-widget elementor-widget-heading\" data-id=\"b8d993c\" data-element_type=\"widget\" data-widget_type=\"heading.default\">\n\t\t\t\t\t<h2 class=\"elementor-heading-title elementor-size-default\">Engagement \u00e0 long terme<\/h2>\t\t\t\t<\/div>\n\t\t\t\t<\/div>\n\t\t<div class=\"elementor-element elementor-element-1b87aa1 e-con-full e-flex e-con e-child\" data-id=\"1b87aa1\" data-element_type=\"container\">\n\t\t\t\t<div class=\"elementor-element elementor-element-c72bc4c elementor-widget elementor-widget-text-editor\" data-id=\"c72bc4c\" data-element_type=\"widget\" data-widget_type=\"text-editor.default\">\n\t\t\t\t\t\t\t\t\t<p class=\"p1\">Pour Propri\u00e9t\u00e9s &amp; Co, la durabilit\u00e9 est un principe de travail int\u00e9gr\u00e9 \u00e0 chaque \u00e9tape du d\u00e9veloppement. Elle guide nos choix de conception, de r\u00e9alisation et d\u2019exploitation, avec une attention constante port\u00e9e \u00e0 l\u2019impact dans la dur\u00e9e.<\/p>\t\t\t\t\t\t\t\t<\/div>\n\t\t\t\t<\/div>\n\t\t\t\t<\/div>\n\t\t\t\t\t<\/div>\n\t\t\t\t<\/div>\n\t\t\t\t<\/div>","protected":false},"excerpt":{"rendered":"<p>Disciplined Value Creation Our investment strategies combine branded residential offerings with the long-term ownership and operation of hospitality assets. Each project is structured to maximize long-term value, underpinned by a disciplined commercial approach, rigorous governance and responsible ESG practices. \u00a0 Our portfolio and development pipeline span the European sunbelt and the Caribbean, representing approximately \u20ac500 [&hellip;]<\/p>","protected":false},"author":1,"featured_media":0,"parent":0,"menu_order":0,"comment_status":"closed","ping_status":"closed","template":"","meta":{"_acf_changed":false,"footnotes":""},"class_list":["post-46","page","type-page","status-publish","hentry"],"acf":[],"_links":{"self":[{"href":"https:\/\/proprietes.fr\/fr\/wp-json\/wp\/v2\/pages\/46","targetHints":{"allow":["GET"]}}],"collection":[{"href":"https:\/\/proprietes.fr\/fr\/wp-json\/wp\/v2\/pages"}],"about":[{"href":"https:\/\/proprietes.fr\/fr\/wp-json\/wp\/v2\/types\/page"}],"author":[{"embeddable":true,"href":"https:\/\/proprietes.fr\/fr\/wp-json\/wp\/v2\/users\/1"}],"replies":[{"embeddable":true,"href":"https:\/\/proprietes.fr\/fr\/wp-json\/wp\/v2\/comments?post=46"}],"version-history":[{"count":265,"href":"https:\/\/proprietes.fr\/fr\/wp-json\/wp\/v2\/pages\/46\/revisions"}],"predecessor-version":[{"id":2165,"href":"https:\/\/proprietes.fr\/fr\/wp-json\/wp\/v2\/pages\/46\/revisions\/2165"}],"wp:attachment":[{"href":"https:\/\/proprietes.fr\/fr\/wp-json\/wp\/v2\/media?parent=46"}],"curies":[{"name":"wp","href":"https:\/\/api.w.org\/{rel}","templated":true}]}}