{"id":957,"date":"2025-12-11T10:22:14","date_gmt":"2025-12-11T10:22:14","guid":{"rendered":"https:\/\/proprietes.fr\/?page_id=957"},"modified":"2026-01-07T11:14:13","modified_gmt":"2026-01-07T11:14:13","slug":"privacy-policy","status":"publish","type":"page","link":"https:\/\/proprietes.fr\/fr\/privacy-policy\/","title":{"rendered":"Politique de confidentialit\u00e9"},"content":{"rendered":"<div data-elementor-type=\"wp-page\" data-elementor-id=\"957\" class=\"elementor elementor-957\" data-elementor-post-type=\"page\">\n\t\t\t\t<div class=\"elementor-element elementor-element-0a18667 e-flex e-con-boxed e-con e-parent\" data-id=\"0a18667\" data-element_type=\"container\" data-settings=\"{&quot;background_background&quot;:&quot;classic&quot;}\">\n\t\t\t\t\t<div class=\"e-con-inner\">\n\t\t\t\t<div class=\"elementor-element elementor-element-8c34f98 elementor-widget__width-initial animated-fast elementor-invisible elementor-widget elementor-widget-heading\" data-id=\"8c34f98\" data-element_type=\"widget\" data-settings=\"{&quot;_animation&quot;:&quot;fadeInUp&quot;,&quot;_animation_delay&quot;:300}\" data-widget_type=\"heading.default\">\n\t\t\t\t\t<h2 class=\"elementor-heading-title elementor-size-default\">Politique de confidentialit\u00e9<\/h2>\t\t\t\t<\/div>\n\t\t\t\t\t<\/div>\n\t\t\t\t<\/div>\n\t\t<div class=\"elementor-element elementor-element-b60eb34 e-flex e-con-boxed e-con e-parent\" data-id=\"b60eb34\" data-element_type=\"container\">\n\t\t\t\t\t<div class=\"e-con-inner\">\n\t\t\t\t<div class=\"elementor-element elementor-element-89917b4 policy__text elementor-widget elementor-widget-text-editor\" data-id=\"89917b4\" data-element_type=\"widget\" data-widget_type=\"text-editor.default\">\n\t\t\t\t\t\t\t\t\t<p class=\"p1\"><b>Propri\u00e9t\u00e9s &amp; Co - Politique de confidentialit\u00e9<\/b><b><\/b><\/p><p class=\"p1\">Propri\u00e9t\u00e9s &amp; Co (\u201c Propri\u00e9t\u00e9s &amp; Co \u201d, \u201c nous \u201d, \u201c notre \u201d ou \u201c nos \u201d) s'engage fermement \u00e0 pr\u00e9server la confidentialit\u00e9, l'int\u00e9grit\u00e9 et la s\u00e9curit\u00e9 des donn\u00e9es personnelles qui lui sont confi\u00e9es. La pr\u00e9sente politique de protection de la vie priv\u00e9e \u00e9nonce les principes r\u00e9gissant le traitement des donn\u00e9es \u00e0 caract\u00e8re personnel collect\u00e9es par le biais de notre site web et dans le cadre de nos services.<\/p><p class=\"p2\"><b>1. Cat\u00e9gories de donn\u00e9es \u00e0 caract\u00e8re personnel trait\u00e9es<\/b><\/p><p class=\"p1\">Nous pouvons traiter les cat\u00e9gories de donn\u00e9es suivantes :<\/p><ul class=\"ul1\"><li class=\"li1\"><b>Donn\u00e9es d'identification et de contact<\/b> (par exemple, nom, adresse \u00e9lectronique, num\u00e9ro de t\u00e9l\u00e9phone)<\/li><li class=\"li1\"><b>Informations relatives aux int\u00e9r\u00eats immobiliers et aux demandes de renseignements<\/b><b><\/b><\/li><li class=\"li1\"><b>Donn\u00e9es techniques et de navigation<\/b> (par exemple, adresse IP, caract\u00e9ristiques du navigateur, interactions avec l'utilisateur)<\/li><\/ul><p class=\"p1\">La fourniture de donn\u00e9es personnelles peut \u00eatre requise pour acc\u00e9der \u00e0 certaines fonctionnalit\u00e9s ou \u00e0 certains services.<\/p><p class=\"p2\"><b>2. Finalit\u00e9s du traitement<\/b><\/p><p class=\"p1\">Les donn\u00e9es \u00e0 caract\u00e8re personnel peuvent \u00eatre trait\u00e9es aux fins suivantes :<\/p><ul class=\"ul1\"><li class=\"li1\">g\u00e9rer les demandes de renseignements concernant nos d\u00e9veloppements et nos services et y r\u00e9pondre<\/li><li class=\"li1\">Optimisation des performances, analyses et am\u00e9liorations op\u00e9rationnelles<\/li><li class=\"li1\">Mise en \u0153uvre d'initiatives de marketing et de gestion des relations (sous r\u00e9serve de consentement)<\/li><li>L\u2019envoi de SMS et d\u2019autres communications \u00e9lectroniques relatives aux programmes et services, lorsque les personnes concern\u00e9es ont express\u00e9ment consenti \u00e0 recevoir ces communications (par exemple, confirmations de demande, r\u00e9ponses aux questions, qualification de projet et prise de rendez-vous).<\/li><li class=\"li1\">Respecter les obligations l\u00e9gales et r\u00e9glementaires applicables<\/li><\/ul><p class=\"p1\">Les donn\u00e9es \u00e0 caract\u00e8re personnel sont <b>jamais<\/b> vendus \u00e0 des tiers.<\/p><p class=\"p2\"><b>3. Base juridique du traitement<\/b><\/p><p class=\"p1\">Les activit\u00e9s de traitement sont men\u00e9es dans le respect de la l\u00e9gislation :<\/p><ul class=\"ul1\"><li class=\"li1\"><b>Consentement<\/b>, notamment en ce qui concerne le marketing et l'utilisation de donn\u00e9es non essentielles<\/li><li class=\"li1\"><b>Int\u00e9r\u00eats l\u00e9gitimes<\/b>, y compris l'administration des affaires, la qualit\u00e9 des services et la s\u00e9curit\u00e9<\/li><li class=\"li1\"><b>N\u00e9cessit\u00e9 contractuelle<\/b>, en ce qui concerne les int\u00e9r\u00eats d'achat de biens immobiliers ou la gestion des demandes de renseignements<\/li><li class=\"li1\"><b>Conformit\u00e9 juridique<\/b>, y compris les obligations en mati\u00e8re de tenue de registres<\/li><\/ul><p class=\"p2\"><b>4. Divulgation des donn\u00e9es<\/b><\/p><p class=\"p1\">Les donn\u00e9es \u00e0 caract\u00e8re personnel peuvent \u00eatre divulgu\u00e9es, sur une base strictement n\u00e9cessaire, \u00e0 :<\/p><ul class=\"ul1\"><li class=\"li1\">Fournisseurs de services d'h\u00e9bergement, d'analyse et de gestion de la relation client<\/li><li class=\"li1\">L'h\u00f4tellerie, la promotion immobili\u00e8re et les partenaires op\u00e9rationnels associ\u00e9s<\/li><li class=\"li1\">Autorit\u00e9s comp\u00e9tentes lorsque la loi l'exige<\/li><li><p style=\"font-weight: 400;\">Les num\u00e9ros de t\u00e9l\u00e9phone mobile sont collect\u00e9s et trait\u00e9s uniquement lorsque les personnes concern\u00e9es les fournissent volontairement et consentent \u00e0 recevoir des SMS dans le cadre des services et des programmes immobiliers de Propri\u00e9t\u00e9s &amp; Co. Ces messages peuvent inclure des confirmations de demande, des r\u00e9ponses aux questions, la qualification de projet et la prise de rendez-vous. La fr\u00e9quence des messages peut varier. Des frais de messages et de donn\u00e9es peuvent s\u2019appliquer. Les personnes concern\u00e9es peuvent r\u00e9pondre STOP pour se d\u00e9sabonner ou HELP pour obtenir de l\u2019aide.<\/p><\/li><li><p style=\"font-weight: 400;\">Les num\u00e9ros de t\u00e9l\u00e9phone mobile peuvent \u00eatre communiqu\u00e9s \u00e0 des prestataires techniques uniquement afin de permettre l\u2019envoi de SMS pour le compte de Propri\u00e9t\u00e9s &amp; Co, dans le cadre d\u2019accords de protection des donn\u00e9es appropri\u00e9s.<\/p><\/li><li><p style=\"font-weight: 400;\">Aucune information li\u00e9e au num\u00e9ro de mobile ne sera partag\u00e9e avec des tiers ou des affili\u00e9s \u00e0 des fins de marketing ou de prospection commerciale. Toutes les cat\u00e9gories de donn\u00e9es ci-dessus excluent les donn\u00e9es d\u2019opt-in SMS et le consentement associ\u00e9 ; ces informations ne seront pas partag\u00e9es avec des tiers.<\/p><\/li><\/ul><p class=\"p1\">Tous les destinataires sont li\u00e9s par des obligations en mati\u00e8re de protection des donn\u00e9es.<\/p><p class=\"p2\"><b>5. Transferts transfrontaliers<\/b><\/p><p class=\"p1\">Lorsque des transferts internationaux ont lieu, des garanties appropri\u00e9es, telles que les clauses contractuelles types, sont syst\u00e9matiquement mises en \u0153uvre.<\/p><p class=\"p2\"><b>6. Conservation des donn\u00e9es et s\u00e9curit\u00e9<\/b><\/p><p class=\"p1\">Nous appliquons des mesures administratives, techniques et organisationnelles standard pour prot\u00e9ger les donn\u00e9es personnelles contre la perte, l'alt\u00e9ration ou l'acc\u00e8s non autoris\u00e9.<br \/>Les donn\u00e9es sont conserv\u00e9es strictement pour la dur\u00e9e n\u00e9cessaire \u00e0 la r\u00e9alisation des objectifs de traitement d\u00e9crits ci-dessus.<\/p><p class=\"p2\"><b>7. Droits des personnes concern\u00e9es<\/b><\/p><p class=\"p1\">Conform\u00e9ment \u00e0 la l\u00e9gislation applicable, les personnes conservent le droit de demander<\/p><ul class=\"ul1\"><li class=\"li1\">Acc\u00e8s aux donn\u00e9es \u00e0 caract\u00e8re personnel et rectification ou effacement de celles-ci<\/li><li class=\"li1\">Restriction ou objection au traitement<\/li><li class=\"li1\">Retrait du consentement (lorsque le consentement constitue la base juridique)<\/li><li class=\"li1\">Portabilit\u00e9 des donn\u00e9es<\/li><\/ul><p class=\"p1\">Les demandes seront trait\u00e9es conform\u00e9ment aux exigences du GDPR.<\/p><p class=\"p2\"><b>8. Liens externes<\/b><\/p><p class=\"p1\">Notre site web peut contenir des hyperliens vers des sites web de tiers que nous ne contr\u00f4lons pas. Nous n'assumons aucune responsabilit\u00e9 quant \u00e0 leurs pratiques en mati\u00e8re de protection de la vie priv\u00e9e.<\/p><p class=\"p2\"><b>9. Changements de politique<\/b><\/p><p class=\"p1\">Propri\u00e9t\u00e9s &amp; Co peut r\u00e9viser cette politique de confidentialit\u00e9 \u00e0 sa discr\u00e9tion. Les modifications seront publi\u00e9es sur cette page.<\/p>\t\t\t\t\t\t\t\t<\/div>\n\t\t\t\t\t<\/div>\n\t\t\t\t<\/div>\n\t\t\t\t<\/div>","protected":false},"excerpt":{"rendered":"<p>Propri\u00e9t\u00e9s &amp; Co \u2013 Privacy Policy Propri\u00e9t\u00e9s &amp; Co (\u201cPropri\u00e9t\u00e9s &amp; Co\u201d, \u201cwe\u201d, \u201cus\u201d or \u201cour\u201d) is firmly committed to safeguarding the confidentiality, integrity, and security of personal data entrusted to us. This Privacy Policy sets out the principles governing the processing of personal data collected through our website and in connection with our services. [&hellip;]<\/p>","protected":false},"author":1,"featured_media":0,"parent":0,"menu_order":0,"comment_status":"closed","ping_status":"closed","template":"","meta":{"_acf_changed":false,"footnotes":""},"class_list":["post-957","page","type-page","status-publish","hentry"],"acf":[],"_links":{"self":[{"href":"https:\/\/proprietes.fr\/fr\/wp-json\/wp\/v2\/pages\/957","targetHints":{"allow":["GET"]}}],"collection":[{"href":"https:\/\/proprietes.fr\/fr\/wp-json\/wp\/v2\/pages"}],"about":[{"href":"https:\/\/proprietes.fr\/fr\/wp-json\/wp\/v2\/types\/page"}],"author":[{"embeddable":true,"href":"https:\/\/proprietes.fr\/fr\/wp-json\/wp\/v2\/users\/1"}],"replies":[{"embeddable":true,"href":"https:\/\/proprietes.fr\/fr\/wp-json\/wp\/v2\/comments?post=957"}],"version-history":[{"count":25,"href":"https:\/\/proprietes.fr\/fr\/wp-json\/wp\/v2\/pages\/957\/revisions"}],"predecessor-version":[{"id":2196,"href":"https:\/\/proprietes.fr\/fr\/wp-json\/wp\/v2\/pages\/957\/revisions\/2196"}],"wp:attachment":[{"href":"https:\/\/proprietes.fr\/fr\/wp-json\/wp\/v2\/media?parent=957"}],"curies":[{"name":"wp","href":"https:\/\/api.w.org\/{rel}","templated":true}]}}